{"id":7435,"date":"2026-03-05T13:27:11","date_gmt":"2026-03-05T18:27:11","guid":{"rendered":"https:\/\/peacepalsinternational.org\/?page_id=7435"},"modified":"2026-03-05T13:27:11","modified_gmt":"2026-03-05T18:27:11","slug":"concurso-de-arte-2026","status":"publish","type":"page","link":"https:\/\/peacepalsinternational.org\/es\/concurso-de-arte-2026\/","title":{"rendered":"Concurso de Arte 2026"},"content":{"rendered":"<div class=\"wp-block-image\">\n<figure class=\"aligncenter size-full\"><img loading=\"lazy\" decoding=\"async\" width=\"890\" height=\"593\" src=\"http:\/\/peacepalsinternational.org\/wp-content\/uploads\/2026\/03\/Peace-Pals-International-2026-Living-Peace-Together-in-Peace-Spanish.png\" alt=\"\" class=\"wp-image-7437\" srcset=\"https:\/\/peacepalsinternational.org\/wp-content\/uploads\/2026\/03\/Peace-Pals-International-2026-Living-Peace-Together-in-Peace-Spanish.png 890w, https:\/\/peacepalsinternational.org\/wp-content\/uploads\/2026\/03\/Peace-Pals-International-2026-Living-Peace-Together-in-Peace-Spanish-300x200.png 300w, https:\/\/peacepalsinternational.org\/wp-content\/uploads\/2026\/03\/Peace-Pals-International-2026-Living-Peace-Together-in-Peace-Spanish-768x512.png 768w\" sizes=\"auto, (max-width: 890px) 100vw, 890px\" \/><\/figure>\n<\/div>\n\n<h2 style=\"text-align: center;\"><strong><span style=\"color: #008080;\">Peace Pals International <\/span><\/strong><br \/><strong><span style=\"color: #008080;\">28th Annual Art &amp; Exhibition Awards<\/span><\/strong><\/h2>\n\n\n<h2 style=\"text-align: center;\"><span style=\"color: #333399;\">Tema 2026<\/span><br \/><span style=\"color: #333399;\">JUNTOS EN PAZ<\/span><\/h2>\n\n\n<div class=\"wp-block-image\">\n<figure class=\"aligncenter\"><img loading=\"lazy\" decoding=\"async\" width=\"500\" height=\"338\" src=\"https:\/\/peacepalsinternational.org\/wp-content\/uploads\/2026\/03\/Myanmar-Shinn-Thant-Lamin-Treza-together-in-peace.png\" alt=\"\" class=\"wp-image-7418\" srcset=\"https:\/\/peacepalsinternational.org\/wp-content\/uploads\/2026\/03\/Myanmar-Shinn-Thant-Lamin-Treza-together-in-peace.png 500w, https:\/\/peacepalsinternational.org\/wp-content\/uploads\/2026\/03\/Myanmar-Shinn-Thant-Lamin-Treza-together-in-peace-300x203.png 300w\" sizes=\"auto, (max-width: 500px) 100vw, 500px\" \/><\/figure>\n<\/div>\n\n\n<h3 style=\"text-align: center;\"><span style=\"color: #000080;\">Juntos en Paz<\/span><br \/><span style=\"color: #000080;\"><em>Un Mundo, Muchas Voces<\/em><\/span><\/h3>\n<p style=\"text-align: center;\">Los j\u00f3venes de todo el mundo est\u00e1n invitados a presentar sus obras de arte a la<br \/><em><strong>29.\u00aa Exposici\u00f3n y Premios Anuales de Arte de Peace Pals International<\/strong><\/em><\/p>\n<p style=\"text-align: center;\">Fecha l\u00edmite para enviar y recibir las obras: 31 de agosto de 2026<br \/><strong>Los ganadores se anunciar\u00e1n en el D\u00eda Mundial del Poste de la Paz: 22 de noviembre de 2026<\/strong><\/p>\n\n\n\n<hr class=\"wp-block-separator has-alpha-channel-opacity\"\/>\n\n\n\n<ul>\n<li>\n<h3><strong><span style=\"color: #ff6600;\">Sobre la colaboraci\u00f3n de este a\u00f1o<\/span><\/strong><\/h3>\n<\/li>\n<\/ul>\n<p>Este a\u00f1o, Peace Pals International se enorgullece de colaborar con <strong data-start=\"213\" data-end=\"243\">Living Peace International<\/strong>.<\/p>\n<p><img loading=\"lazy\" decoding=\"async\" class=\" wp-image-2987 alignleft\" src=\"http:\/\/peacepalsinternational.org\/wp-content\/uploads\/2017\/03\/living-peace-logo-Peace-Pals-International.jpg\" alt=\"\" width=\"227\" height=\"136\" \/><\/p>\n<p>Living Peace International es un proyecto global de educaci\u00f3n para la paz, fundado en 2012 por Carlos Palma, que promueve una cultura de paz, fraternidad y solidaridad entre j\u00f3venes en m\u00e1s de 2.500 escuelas de 136 pa\u00edses. Utiliza enfoques art\u00edsticos y educativos, en particular el juego <strong data-start=\"533\" data-end=\"556\">\u201cEl Dado de la Paz\u201d<\/strong>, para fomentar una ciudadan\u00eda activa y relaciones no violentas. <a href=\"http:\/\/www.livingpeaceinternational.org\/es\/\" target=\"_blank\" rel=\"noopener\" data-wplink-url-error=\"true\">Living Peace International.<\/a><\/p>\n\n\n\n<hr class=\"wp-block-separator has-alpha-channel-opacity\"\/>\n\n\n\n<ul>\n<li>\n<h3><strong><span style=\"color: #ff6600;\">Construimos la Paz Juntos<\/span><\/strong><\/h3>\n<\/li>\n<\/ul>\n<p data-start=\"171\" data-end=\"484\">La paz no es algo que sucede por s\u00ed sola. Es algo que creamos con nuestras manos, nuestros corazones y nuestras voces. Cada persona, sin importar cu\u00e1n peque\u00f1a sea, tiene el poder de marcar una diferencia. Cuando escuchamos, comprendemos y nos apoyamos unos a otros, los muros se derrumban y se construyen puentes.<\/p>\n<p data-start=\"486\" data-end=\"716\">Juntos transformamos la bondad en fortaleza, las diferencias en aprendizajes y los conflictos en amistad. Cada sonrisa, cada mano que ayuda, cada palabra de aliento se convierte en un ladrillo que sostiene los cimientos de la paz.<\/p>\n<p data-start=\"718\" data-end=\"894\">Cuando trabajamos lado a lado, nadie se siente solo, todos se sienten valorados y el mundo se convierte en un lugar donde la alegr\u00eda, el respeto y la esperanza pueden florecer.<\/p>\n<p data-start=\"896\" data-end=\"1055\">La paz es un camino que recorremos juntos. Cada paso importa, por peque\u00f1o que sea. Construimos la paz juntos, cada d\u00eda, en cada lugar, para todas las personas.<\/p>\n\n\n\n<hr class=\"wp-block-separator has-alpha-channel-opacity\"\/>\n\n\n\n<ul>\n<li>\n<h3><strong><span style=\"color: #ff6600;\">Sobre la obra de arte<\/span><\/strong><\/h3>\n<\/li>\n<\/ul>\n<p data-start=\"134\" data-end=\"276\">Peace Pals International invita a ni\u00f1os y j\u00f3venes de <strong data-start=\"187\" data-end=\"202\">5 a 16 a\u00f1os<\/strong> a crear una obra de arte original inspirada en el tema <strong data-start=\"258\" data-end=\"275\">Juntos en Paz<\/strong>.<\/p>\n<p data-start=\"278\" data-end=\"470\">Animamos a padres, maestros y l\u00edderes comunitarios a conversar con los ni\u00f1os sobre lo que significan la paz, la unidad, la cooperaci\u00f3n y la bondad en sus propias vidas, escuelas y comunidades.<\/p>\n<p data-start=\"472\" data-end=\"521\"><strong data-start=\"472\" data-end=\"521\">Algunas preguntas para inspirar la reflexi\u00f3n:<\/strong><\/p>\n<p data-start=\"523\" data-end=\"764\">\u2022 \u00bfQu\u00e9 significa vivir juntos en paz?<br data-start=\"560\" data-end=\"563\" \/>\u2022 \u00bfC\u00f3mo pueden las personas de diferentes culturas apoyarse entre s\u00ed?<br data-start=\"632\" data-end=\"635\" \/>\u2022 \u00bfC\u00f3mo se ve la paz en tu familia o en tu escuela?<br data-start=\"686\" data-end=\"689\" \/>\u2022 \u00bfC\u00f3mo puede la bondad ayudar al mundo?<br data-start=\"729\" data-end=\"732\" \/>\u2022 \u00bfQu\u00e9 significa la paz para ti?<\/p>\n\n\n\n<hr class=\"wp-block-separator has-alpha-channel-opacity\"\/>\n\n\n\n<ul>\n<li>\n<h3><strong><span style=\"color: #ff6600;\">Importante<\/span><\/strong><\/h3>\n<\/li>\n<li>\n<p data-start=\"113\" data-end=\"431\">Los ni\u00f1os deben crear toda la obra de arte por s\u00ed mismos.<\/p>\n<\/li>\n<li>\n<p data-start=\"113\" data-end=\"431\">Todas las obras deben ser originales y no haber sido publicadas previamente.<\/p>\n<\/li>\n<li>\n<p data-start=\"113\" data-end=\"431\">Las obras no deben ser copiadas de ninguna fuente ni de otros concursos de arte.<\/p>\n<\/li>\n<li>\n<p data-start=\"113\" data-end=\"431\">No se aceptar\u00e1 arte generado por computadora ni arte generado con inteligencia artificial.<\/p>\n<p data-start=\"433\" data-end=\"515\">La obra debe incluir el mensaje universal de paz:<br data-start=\"482\" data-end=\"485\" \/><strong data-start=\"485\" data-end=\"515\">May Peace Prevail On Earth<\/strong><\/p>\n<p data-start=\"517\" data-end=\"648\">Este mensaje (<strong data-start=\"531\" data-end=\"561\">May Peace Prevail On Earth<\/strong>) debe aparecer en <strong data-start=\"580\" data-end=\"590\">ingl\u00e9s<\/strong> y tambi\u00e9n puede aparecer en el idioma nativo del artista.<\/p>\n<\/li>\n<\/ul>\n\n\n<div class=\"wp-block-image\">\n<figure class=\"aligncenter size-large is-resized\"><img loading=\"lazy\" decoding=\"async\" width=\"1024\" height=\"163\" src=\"http:\/\/peacepalsinternational.org\/wp-content\/uploads\/2026\/03\/please-read-each-section-SPANISH-1-1024x163.png\" alt=\"\" class=\"wp-image-7428\" style=\"aspect-ratio:6.3002461033634125;width:624px;height:auto\" srcset=\"https:\/\/peacepalsinternational.org\/wp-content\/uploads\/2026\/03\/please-read-each-section-SPANISH-1-1024x163.png 1024w, https:\/\/peacepalsinternational.org\/wp-content\/uploads\/2026\/03\/please-read-each-section-SPANISH-1-300x48.png 300w, https:\/\/peacepalsinternational.org\/wp-content\/uploads\/2026\/03\/please-read-each-section-SPANISH-1-768x122.png 768w, https:\/\/peacepalsinternational.org\/wp-content\/uploads\/2026\/03\/please-read-each-section-SPANISH-1.png 1386w\" sizes=\"auto, (max-width: 1024px) 100vw, 1024px\" \/><\/figure>\n<\/div>\n\n\n<hr class=\"wp-block-separator has-alpha-channel-opacity\"\/>\n\n\n\n<ul>\n<li>\n<h3><strong><span style=\"color: #ff6600; font-size: revert; font-family: -apple-system, BlinkMacSystemFont, 'Segoe UI', Roboto, Oxygen-Sans, Ubuntu, Cantarell, 'Helvetica Neue', sans-serif;\">Tama\u00f1o de la obra<\/span><\/strong><\/h3>\n<\/li>\n<\/ul>\n<p style=\"text-align: left;\">Horizontal o vertical<br data-start=\"100\" data-end=\"103\" \/><strong data-start=\"103\" data-end=\"132\">5 pulgadas por 7 pulgadas<\/strong><br data-start=\"132\" data-end=\"135\" data-is-only-node=\"\" \/><strong data-start=\"135\" data-end=\"158\">12,7 cm por 17,7 cm<\/strong><\/p>\n\n\n\n<figure class=\"wp-block-image is-resized is-style-default\"><img loading=\"lazy\" decoding=\"async\" width=\"583\" height=\"483\" src=\"https:\/\/peacepalsinternational.org\/wp-content\/uploads\/2025\/03\/ruler-artwork-ENG.jpg\" alt=\"\" class=\"wp-image-7139\" style=\"aspect-ratio:1.2071049258377586;width:503px;height:auto\" srcset=\"https:\/\/peacepalsinternational.org\/wp-content\/uploads\/2025\/03\/ruler-artwork-ENG.jpg 583w, https:\/\/peacepalsinternational.org\/wp-content\/uploads\/2025\/03\/ruler-artwork-ENG-300x249.jpg 300w\" sizes=\"auto, (max-width: 583px) 100vw, 583px\" \/><\/figure>\n\n\n\n<p>\u00a0<\/p>\n<ul>\n<li>\n<h3><strong><span style=\"color: #ff6600;\">T\u00e9cnica de la obra<\/span><\/strong><\/h3>\n<\/li>\n<\/ul>\n<p data-start=\"89\" data-end=\"150\">Dibujado a mano, boceto o pintura <strong data-start=\"123\" data-end=\"149\">\u00fanicamente sobre papel<\/strong>.<\/p>\n<p data-start=\"152\" data-end=\"254\">La obra debe reflejar el tema <strong data-start=\"182\" data-end=\"199\">Juntos en Paz<\/strong> e incluir el mensaje<br data-start=\"220\" data-end=\"223\" \/><strong>Que la Paz Prevalezca en la Tierra.<\/strong><\/p>\n<p data-start=\"256\" data-end=\"380\">Cualquier obra de arte o texto realizado por una persona que no sea el ni\u00f1o o la ni\u00f1a resultar\u00e1 en la <strong data-start=\"358\" data-end=\"377\">descalificaci\u00f3n<\/strong>.<\/p>\n\n\n\n<hr class=\"wp-block-separator has-alpha-channel-opacity\"\/>\n\n\n\n<ul>\n<li>\n<h3><strong><span style=\"color: #ff6600;\">Categor\u00edas por edad<\/span><\/strong><\/h3>\n<\/li>\n<\/ul>\n<p data-start=\"76\" data-end=\"104\"><strong data-start=\"76\" data-end=\"104\">Una obra por ni\u00f1o o ni\u00f1a<\/strong><\/p>\n<ul>\n<li data-start=\"106\" data-end=\"184\"><strong data-start=\"106\" data-end=\"122\">Edades 5 a 7<\/strong><\/li>\n<li data-start=\"106\" data-end=\"184\"><strong data-start=\"125\" data-end=\"142\">Edades 8 a 10<\/strong><\/li>\n<li data-start=\"106\" data-end=\"184\"><strong data-start=\"145\" data-end=\"163\" data-is-only-node=\"\">Edades 11 a 13<\/strong><\/li>\n<li data-start=\"106\" data-end=\"184\"><strong data-start=\"166\" data-end=\"184\">Edades 14 a 16<\/strong><\/li>\n<\/ul>\n\n\n\n<hr class=\"wp-block-separator has-alpha-channel-opacity\"\/>\n\n\n\n<ul>\n<li>\n<h3><strong><span style=\"color: #ff6600;\">Premios<\/span><\/strong><\/h3>\n<\/li>\n<\/ul>\n<p data-start=\"88\" data-end=\"178\"><strong data-start=\"88\" data-end=\"104\">Primer Lugar<\/strong><br data-start=\"104\" data-end=\"107\" \/>Poste de la Paz Cl\u00e1sico Blanco de 6 pies u otro premio de valor similar<\/p>\n<p data-start=\"180\" data-end=\"267\"><strong data-start=\"180\" data-end=\"197\">Segundo Lugar<\/strong><br data-start=\"197\" data-end=\"200\" \/>Poste de la Paz de Escritorio Grande u otro premio de valor similar.<\/p>\n<p data-start=\"269\" data-end=\"356\"><strong data-start=\"269\" data-end=\"285\">Tercer Lugar<\/strong><br data-start=\"285\" data-end=\"288\" \/>Poste de la Paz de Escritorio Mediano u otro premio de valor similar.<\/p>\n<p data-start=\"358\" data-end=\"484\"><strong data-start=\"358\" data-end=\"372\">Finalistas<\/strong><br data-start=\"372\" data-end=\"375\" \/>Los certificados y las cartas se proporcionar\u00e1n a trav\u00e9s de una carpeta en l\u00ednea para su descarga e impresi\u00f3.<\/p>\n\n\n\n<hr class=\"wp-block-separator has-alpha-channel-opacity\"\/>\n\n\n\n<ul>\n<li>\n<h3><strong><span style=\"color: #ff6600;\">C\u00f3mo enviar la obra de arte<\/span><\/strong><\/h3>\n<\/li>\n<\/ul>\n<p data-start=\"92\" data-end=\"157\">La obra de arte debe cargarse antes del <strong data-start=\"132\" data-end=\"156\">31 de agosto de 2026<\/strong>.<\/p>\n<p data-start=\"159\" data-end=\"284\">Despu\u00e9s de registrarse, recibir\u00e1 un correo electr\u00f3nico con un enlace a su panel personal, donde podr\u00e1 cargar su obra de arte.<\/p>\n<p data-start=\"286\" data-end=\"466\">La obra debe escanearse en <strong data-start=\"313\" data-end=\"332\">alta resoluci\u00f3n<\/strong>.<br data-start=\"333\" data-end=\"336\" \/>(No se aceptar\u00e1n fotograf\u00edas.)<br data-start=\"366\" data-end=\"369\" \/><strong data-start=\"369\" data-end=\"380\" data-is-only-node=\"\">300 DPI<\/strong><br data-start=\"380\" data-end=\"383\" \/>Guardada como archivo <strong data-start=\"405\" data-end=\"412\">JPG<\/strong><br data-start=\"412\" data-end=\"415\" \/>Debe cumplir con todas las <strong data-start=\"442\" data-end=\"466\">normas y directrices<\/strong><\/p>\n\n\n\n<hr class=\"wp-block-separator has-alpha-channel-opacity\"\/>\n\n\n\n<ul>\n<li>\n<h3><strong><span style=\"color: #ff6600;\">Opci\u00f3n de env\u00edo postal<\/span><\/strong><\/h3>\n<\/li>\n<\/ul>\n<p data-start=\"91\" data-end=\"173\">Si no puede cargar su obra de arte en l\u00ednea, puede enviarla por <strong data-start=\"155\" data-end=\"172\">correo postal<\/strong>.<\/p>\n<p data-start=\"175\" data-end=\"254\">Debe registrarse primero e incluir su <strong data-start=\"213\" data-end=\"235\">n\u00famero de registro<\/strong> junto con la obra.<\/p>\n<p data-start=\"256\" data-end=\"319\">Solo se aceptar\u00e1n obras de <strong data-start=\"283\" data-end=\"318\">j\u00f3venes debidamente registrados<\/strong>.<\/p>\n<p data-start=\"321\" data-end=\"422\"><strong data-start=\"321\" data-end=\"341\">Direcci\u00f3n postal<\/strong><br data-start=\"341\" data-end=\"344\" \/>Peace Pals International<br data-start=\"368\" data-end=\"371\" \/>26 Benton Road<br data-start=\"385\" data-end=\"388\" \/>Wassaic, NY 12592<br data-start=\"405\" data-end=\"408\" data-is-only-node=\"\" \/>(845) 877 6093<\/p>\n\n\n\n<hr class=\"wp-block-separator has-alpha-channel-opacity\"\/>\n\n\n\n<ul>\n<li>\n<h3><span style=\"color: #ff6600;\"><strong>Contacto<\/strong><\/span><\/h3>\n<\/li>\n<\/ul>\n<p data-start=\"85\" data-end=\"213\">Para m\u00e1s informaci\u00f3n, por favor comun\u00edquese con:<br data-start=\"133\" data-end=\"136\" \/><strong data-start=\"136\" data-end=\"151\">Jules Loren<\/strong><br data-start=\"151\" data-end=\"154\" \/><strong data-start=\"154\" data-end=\"182\" data-is-only-node=\"\">peacepals@worldpeace.org<\/strong><br data-start=\"182\" data-end=\"185\" \/><strong data-start=\"185\" data-end=\"213\">Peace Pals International<\/strong><\/p>\n<p data-start=\"215\" data-end=\"304\">Peace Pals International es un proyecto de<br data-start=\"257\" data-end=\"260\" \/><strong data-start=\"260\" data-end=\"304\">May Peace Prevail On Earth International<\/strong><\/p>\n\n\n\n<hr class=\"wp-block-separator has-alpha-channel-opacity\"\/>\n\n\n\n<ul>\n<li>\n<h3><strong><span style=\"color: #ff6600;\">Reg\u00edstrese aqu\u00ed<\/span><\/strong><\/h3>\n<\/li>\n<\/ul>\n<p><strong data-start=\"109\" data-end=\"118\">Nota:<\/strong> Cada persona puede presentar <strong data-start=\"148\" data-end=\"165\">una sola obra<\/strong>.<br data-start=\"166\" data-end=\"169\" data-is-only-node=\"\" \/>Incluso si ha participado en a\u00f1os anteriores, deber\u00e1 completar un <strong data-start=\"235\" data-end=\"253\">nuevo registro<\/strong> para el concurso de este a\u00f1o, ya que <strong data-start=\"291\" data-end=\"366\">todas las inscripciones se reinician al finalizar cada a\u00f1o del concurso.<\/strong><\/p>\n\n\n\n<div class=\"wp-block-buttons is-layout-flex wp-block-buttons-is-layout-flex\">\n<div class=\"wp-block-button is-style-fill\"><a class=\"wp-block-button__link wp-element-button\" href=\"https:\/\/peacepalsinternational.org\/es\/registration\/\"><strong>Reg\u00edstrese ahora<\/strong><\/a><\/div>\n<\/div>\n\n\n\n\n\n\n\n\n","protected":false},"excerpt":{"rendered":"<p>Peace Pals International 28th Annual Art &amp; Exhibition Awards Tema 2026JUNTOS EN PAZ Juntos en PazUn Mundo, Muchas Voces Los j\u00f3venes de todo el mundo est\u00e1n invitados a presentar sus obras de arte a la29.\u00aa Exposici\u00f3n y Premios Anuales de Arte de Peace Pals International Fecha l\u00edmite para enviar y recibir las obras: 31 de [&hellip;]<\/p>\n","protected":false},"author":5,"featured_media":0,"parent":0,"menu_order":0,"comment_status":"closed","ping_status":"closed","template":"","meta":{"om_disable_all_campaigns":false,"_monsterinsights_skip_tracking":false,"_monsterinsights_sitenote_active":false,"_monsterinsights_sitenote_note":"","_monsterinsights_sitenote_category":0,"_genesis_hide_title":false,"_genesis_hide_breadcrumbs":false,"_genesis_hide_singular_image":false,"_genesis_hide_footer_widgets":false,"_genesis_custom_body_class":"","_genesis_custom_post_class":"","_genesis_layout":"","footnotes":""},"class_list":{"0":"post-7435","1":"page","2":"type-page","3":"status-publish","5":"entry","6":"has-post-thumbnail"},"aioseo_notices":[],"_links":{"self":[{"href":"https:\/\/peacepalsinternational.org\/es\/wp-json\/wp\/v2\/pages\/7435","targetHints":{"allow":["GET"]}}],"collection":[{"href":"https:\/\/peacepalsinternational.org\/es\/wp-json\/wp\/v2\/pages"}],"about":[{"href":"https:\/\/peacepalsinternational.org\/es\/wp-json\/wp\/v2\/types\/page"}],"author":[{"embeddable":true,"href":"https:\/\/peacepalsinternational.org\/es\/wp-json\/wp\/v2\/users\/5"}],"replies":[{"embeddable":true,"href":"https:\/\/peacepalsinternational.org\/es\/wp-json\/wp\/v2\/comments?post=7435"}],"version-history":[{"count":10,"href":"https:\/\/peacepalsinternational.org\/es\/wp-json\/wp\/v2\/pages\/7435\/revisions"}],"predecessor-version":[{"id":7450,"href":"https:\/\/peacepalsinternational.org\/es\/wp-json\/wp\/v2\/pages\/7435\/revisions\/7450"}],"wp:attachment":[{"href":"https:\/\/peacepalsinternational.org\/es\/wp-json\/wp\/v2\/media?parent=7435"}],"curies":[{"name":"wp","href":"https:\/\/api.w.org\/{rel}","templated":true}]}}