{"id":7143,"date":"2025-03-27T14:32:10","date_gmt":"2025-03-27T19:32:10","guid":{"rendered":"https:\/\/peacepalsinternational.org\/?page_id=7143"},"modified":"2025-03-28T09:46:02","modified_gmt":"2025-03-28T14:46:02","slug":"concurso-de-arte-2025","status":"publish","type":"page","link":"https:\/\/peacepalsinternational.org\/es\/concurso-de-arte-2025\/","title":{"rendered":"Concurso de Arte 2025"},"content":{"rendered":"\n<figure class=\"wp-block-image size-full\"><img decoding=\"async\" src=\"http:\/\/peacepalsinternational.org\/wp-content\/uploads\/2025\/03\/Peace-Pals-Website-Header-Spanish-1.png\" alt=\"\" class=\"wp-image-7155\"\/><\/figure>\n\n\n\n<h4 class=\"p1\" style=\"text-align: center;\"><span style=\"color: #333399;\"><strong>Se invita a los j\u00f3venes de todo el mundo a enviar sus obras de arte para la 28\u00aa Exposici\u00f3n y Premios Internacionales de Arte de Peace Pals, programada para 2025.<\/strong><\/span><\/h4>\n<h4 class=\"p1\" style=\"text-align: center;\"><span style=\"color: #ff0000;\"><strong>La fecha l\u00edmite para enviar y recibir su obra de arte es el 31 de agosto de 2025.<\/strong><\/span><\/h4>\n<h4 class=\"p1\" style=\"text-align: center;\"><span style=\"color: #333399;\"><strong>Los ganadores se anunciar\u00e1n el D\u00eda del Polo de la Paz Global, el 22 de noviembre de 2025.<br \/><\/strong><\/span><\/h4>\n<h4 class=\"p1\" style=\"text-align: center;\"><span style=\"color: #333399;\"><b>\u00a0<\/b><\/span><\/h4>\n\n\n\n<div class=\"wp-block-media-text is-stacked-on-mobile\">\n<figure class=\"wp-block-media-text__media\"><img loading=\"lazy\" decoding=\"async\" width=\"500\" height=\"316\" class=\"wp-image-7111 size-full\" src=\"https:\/\/peacepalsinternational.org\/wp-content\/uploads\/2025\/03\/Bulgaria-Bozhidara-Amudzhieva-14-P-DA635305-1.jpg\" alt=\"\" srcset=\"https:\/\/peacepalsinternational.org\/wp-content\/uploads\/2025\/03\/Bulgaria-Bozhidara-Amudzhieva-14-P-DA635305-1.jpg 500w, https:\/\/peacepalsinternational.org\/wp-content\/uploads\/2025\/03\/Bulgaria-Bozhidara-Amudzhieva-14-P-DA635305-1-300x190.jpg 300w\" sizes=\"auto, (max-width: 500px) 100vw, 500px\" \/><\/figure>\n<h2 class=\"wp-block-media-text__content\" style=\"text-align: center;\">Tema para 2025: <br \/><span style=\"color: #ff0000;\">LIBERTAD.<\/span> <br \/>\u00a1Deja fluir tus colores y deja volar tu imaginaci\u00f3n!<\/h2>\n<\/div>\n\n\n\n<p>Estamos pidiendo a los j\u00f3venes, de 5 a 16 a\u00f1os, que por favor creen obras de arte bajo el tema de <strong><span style=\"color: #ff0000;\">LIBERTAD<\/span><\/strong> para reflexionar sobre lo que significa la <span style=\"color: #ff0000;\"><strong>LIBERTAD<\/strong><\/span> para ellos.\u00a0 Fomentamos que los padres, miembros de la comunidad y maestros discutan los diversos significados de la <span style=\"color: #ff0000;\"><strong>LIBERTAD<\/strong><\/span>.\u00a0 Por favor, revisen algunos de los puntos destacados a continuaci\u00f3n o desarrollen los suyos propios al discutir la <span style=\"color: #ff0000;\"><strong>LIBERTAD<\/strong><\/span>.<\/p>\n<ul>\n<li><strong>\u2022 \u00bfLa libertad se trata de poder comer una naranja en lugar de un durazno? <\/strong><\/li>\n<li><strong>\u2022 \u00bfEs la libertad poder elegir lo que quieres usar? <\/strong><\/li>\n<li><strong>\u2022 \u00bfSignifica la libertad que puedes ir y venir como desees? <\/strong><\/li>\n<li><strong>\u2022 \u00bfPermite la libertad que elijas a tu mejor amigo? <\/strong><\/li>\n<li><strong>\u2022 \u00bfTienes libertad de expresi\u00f3n?<\/strong><\/li>\n<\/ul>\n<p>Hay tantas ideas y reflexiones sobre lo que significa la <span style=\"color: #ff0000;\"><strong>libertad<\/strong><\/span> para los adultos, pero \u00bfqu\u00e9 significa para los ni\u00f1os en sus vidas?<\/p>\n\n\n\n<div class=\"wp-block-cover is-light\" style=\"min-height:229px;aspect-ratio:unset;\"><span aria-hidden=\"true\" class=\"wp-block-cover__background has-pale-cyan-blue-background-color has-background-dim-100 has-background-dim\"><\/span><div class=\"wp-block-cover__inner-container is-layout-constrained wp-block-cover-is-layout-constrained\">\n<h3 class=\"wp-block-heading has-text-align-center has-vivid-red-color has-text-color has-link-color wp-elements-4c931611c386e7886015f6888759ab0a\" style=\"font-size:30px\"><strong><span style=\"text-decoration: underline;\">IMPORTANTE<\/span><\/strong><\/h3>\n\n\n\n<h3 class=\"wp-block-heading has-text-align-center has-black-color has-text-color has-link-color has-medium-font-size\"><strong>Los ni\u00f1os deben crear toda la obra de arte. Todas las obras de arte deben <br \/>ser originales y no copiadas de ninguna fuente o concurso de arte <br \/>(incluido el contenido generado por IA).<br \/>La obra de arte debe incluir el mensaje universal de paz, <br \/>\u00abQue la paz prevalezca en la Tierra\u00bb, en ingl\u00e9s, pero tambi\u00e9n <br \/>puede presentarse en su lengua nativa.<br \/><br \/><\/strong><span style=\"color: #ffffff;\">QUE LA PAZ PREVALEZCA EN LA TIERRA<\/span><\/h3>\n<\/div><\/div>\n\n\n\n<h3 style=\"text-align: center;\"><strong><span style=\"color: #ff0000;\">Reglas y Directrices<\/span><br \/><span style=\"color: #ff0000;\">Por favor, lea las reglas y siga todas las instrucciones.<\/span><br \/><\/strong><\/h3>\n<div class=\"wp-block-image\">\n<figure class=\"alignright\"><img loading=\"lazy\" decoding=\"async\" class=\"wp-image-7170  alignnone\" src=\"http:\/\/peacepalsinternational.org\/wp-content\/uploads\/2025\/03\/ruler-artwork-SPANISH.jpg\" alt=\"\" width=\"546\" height=\"453\" srcset=\"https:\/\/peacepalsinternational.org\/wp-content\/uploads\/2025\/03\/ruler-artwork-SPANISH.jpg 583w, https:\/\/peacepalsinternational.org\/wp-content\/uploads\/2025\/03\/ruler-artwork-SPANISH-300x249.jpg 300w\" sizes=\"auto, (max-width: 546px) 100vw, 546px\" \/><\/figure>\n<\/div>\n<p><span style=\"color: #ff0000;\"><strong>Obras de Arte<\/strong><\/span><br \/>Tama\u00f1o: dise\u00f1o horizontal o vertical y debe medir 5 pulgadas x 7 pulgadas \/ 12,7 cm x 17,7 cm.<\/p>\n<p><span style=\"color: #ff0000;\"><strong>La obra de arte debe ser original. <br \/><\/strong><\/span>Dibujada a mano, esbozada o pintada en papel. Si la obra de arte es una copia de presentaciones anteriores o de otros concursos de arte, la entrada ser\u00e1 descalificada. No aceptaremos obras de arte generadas por computadora (IA).<\/p>\n<p>La obra de arte debe seguir el tema <span style=\"color: #ff0000;\"><strong>\u201cLIBERTAD\u201d<\/strong><\/span> y debe incluir el Mensaje Universal de Paz<span style=\"color: #ff0000;\"> <strong>\u201cQue la paz prevalezca en la Tierra\u201d<\/strong><\/span> como parte del dise\u00f1o de la obra de arte en ingl\u00e9s o en el idioma nativo del participante.<\/p>\n<p><span style=\"color: #ff0000;\"><strong>IMPORTANTE:<\/strong> <\/span>La obra de arte o el escrito realizados por cualquier persona que no sea el artista ser\u00e1n descalificados. La obra de arte debe ser original y no haber sido publicada antes. Si la obra de arte no incluye el tema de <span style=\"color: #ff0000;\"><strong>\u201cLIBERTAD\u201d<\/strong><\/span> y\/o el Mensaje Universal de Paz <strong><span style=\"color: #ff0000;\">\u201cQue la paz prevalezca en la Tierra\u201d<\/span>,<\/strong> la entrada ser\u00e1 descalificada.<\/p>\n\n\n\n<div class=\"wp-block-cover is-light\" style=\"min-height:374px;aspect-ratio:unset;\"><span aria-hidden=\"true\" class=\"wp-block-cover__background has-luminous-vivid-amber-background-color has-background-dim-100 has-background-dim\"><\/span><div class=\"wp-block-cover__inner-container is-layout-constrained wp-block-cover-is-layout-constrained\"><div class=\"wp-block-image\">\n<figure class=\"aligncenter size-full\"><img loading=\"lazy\" decoding=\"async\" width=\"617\" height=\"248\" src=\"http:\/\/peacepalsinternational.org\/wp-content\/uploads\/2025\/03\/Peace-Pals-Winners-Finalists-spanish-2024-1.jpg\" alt=\"\" class=\"wp-image-7175\" srcset=\"https:\/\/peacepalsinternational.org\/wp-content\/uploads\/2025\/03\/Peace-Pals-Winners-Finalists-spanish-2024-1.jpg 617w, https:\/\/peacepalsinternational.org\/wp-content\/uploads\/2025\/03\/Peace-Pals-Winners-Finalists-spanish-2024-1-300x121.jpg 300w\" sizes=\"auto, (max-width: 617px) 100vw, 617px\" \/><\/figure>\n<\/div>\n\n\n<p class=\"has-text-align-center has-black-color has-text-color has-link-color wp-elements-b40737a836903e11543d83a520a42b91\" style=\"font-size:29px;font-style:normal;font-weight:700\">Cuatro Categor\u00edas de Edad &#8211; Una Entrada por Ni\u00f1o<\/p>\n<\/div><\/div>\n\n\n\n<p><span style=\"color: #ff0000;\"><strong>Cuatro Categor\u00edas de Edad \u2013 Una Entrada Por Ni\u00f1o<\/strong><\/span><br \/><strong>Categor\u00eda de Edad Uno: Edad 5 \u2013 7<\/strong><br \/><strong>Categor\u00eda de Edad Dos: Edad 8 \u2013 10<\/strong><br \/><strong>Categor\u00eda de Edad Tres: Edad 11 \u2013 13<\/strong><br \/><strong>Categor\u00eda de Edad Cuatro: Edad 14 \u2013 16<\/strong><\/p>\n<p><span style=\"color: #ff0000;\"><strong>Premios a Ser Otorgados<\/strong><\/span><br \/><strong>Ganadores del Primer Lugar<\/strong> ~ Poste de Paz Blanco Cl\u00e1sico de 6 pies u otro premio de valor similar.<br \/><strong>Ganadores del Segundo Lugar<\/strong> ~ Poste de Paz de Tama\u00f1o Grande para Escritorio u otro premio de valor similar.<br \/><strong>Ganadores del Tercer Lugar<\/strong> ~ Poste de Paz de Tama\u00f1o Mediano para Escritorio u otro premio de valor similar.<\/p>\n<p><strong>Finalistas<\/strong> ~ Se proporcionar\u00e1n certificados y cartas a trav\u00e9s de una carpeta en l\u00ednea en la que podr\u00e1n descargar e imprimir.<\/p>\n<p><span style=\"color: #ff0000;\"><strong>Por favor, suba su obra de arte antes del 31 de agosto de 2025.<\/strong><\/span><br \/>Despu\u00e9s de que se haya registrado, se le enviar\u00e1 un enlace a su panel personal donde podr\u00e1 subir su obra de arte. La obra de arte debe ser escaneada en alta resoluci\u00f3n (300 DPI) y guardada como un JPG y seguir las reglas y pautas.<\/p>\n<p><span style=\"color: #ff0000;\"><strong>Certificado de Participaci\u00f3n<\/strong><\/span><br \/>Solo los participantes que hayan subido su obra de arte recibir\u00e1n un certificado de Participaci\u00f3n. Por favor, inicie sesi\u00f3n en su panel para descargar su certificado despu\u00e9s de haber completado el proceso de registro y haber subido su obra de arte.<\/p>\n<p>Si no puede subir su obra de arte y necesita enviar su arte por correo postal, debe registrarse y proporcionar un n\u00famero de registro que se incluir\u00e1 con su obra de arte. Solo se aceptar\u00e1n j\u00f3venes registrados.<\/p>\n<p><span style=\"color: #ff0000;\"><strong>Direcci\u00f3n:<\/strong><\/span><br \/>Peace Pals International<br \/>26 Benton Road<br \/>Wassaic, NY 12592<br \/>(845) 877-6093<\/p>\n<p><strong>Para m\u00e1s informaci\u00f3n<\/strong>, comun\u00edquese con <a href=\"mailto:jules@worldpeace.org\">Jules Loren<\/a> en Peace Pals International.<br \/>Peace Pals International es un proyecto de May Peace Prevail On Earth International<br \/><br \/><\/p>\n\n\n\n<a class=\"button hexagon\" href=\"https:\/\/peacepalsinternational.org\/es\/registration\/\">\u00a1Reg\u00edstrate ahora!<\/a>\n","protected":false},"excerpt":{"rendered":"<p>Se invita a los j\u00f3venes de todo el mundo a enviar sus obras de arte para la 28\u00aa Exposici\u00f3n y Premios Internacionales de Arte de Peace Pals, programada para 2025. La fecha l\u00edmite para enviar y recibir su obra de arte es el 31 de agosto de 2025. Los ganadores se anunciar\u00e1n el D\u00eda del [&hellip;]<\/p>\n","protected":false},"author":5,"featured_media":0,"parent":0,"menu_order":0,"comment_status":"closed","ping_status":"closed","template":"","meta":{"om_disable_all_campaigns":false,"_monsterinsights_skip_tracking":false,"_monsterinsights_sitenote_active":false,"_monsterinsights_sitenote_note":"","_monsterinsights_sitenote_category":0,"_genesis_hide_title":false,"_genesis_hide_breadcrumbs":false,"_genesis_hide_singular_image":false,"_genesis_hide_footer_widgets":false,"_genesis_custom_body_class":"","_genesis_custom_post_class":"","_genesis_layout":"","footnotes":""},"class_list":{"0":"post-7143","1":"page","2":"type-page","3":"status-publish","5":"entry","6":"has-post-thumbnail"},"aioseo_notices":[],"_links":{"self":[{"href":"https:\/\/peacepalsinternational.org\/es\/wp-json\/wp\/v2\/pages\/7143","targetHints":{"allow":["GET"]}}],"collection":[{"href":"https:\/\/peacepalsinternational.org\/es\/wp-json\/wp\/v2\/pages"}],"about":[{"href":"https:\/\/peacepalsinternational.org\/es\/wp-json\/wp\/v2\/types\/page"}],"author":[{"embeddable":true,"href":"https:\/\/peacepalsinternational.org\/es\/wp-json\/wp\/v2\/users\/5"}],"replies":[{"embeddable":true,"href":"https:\/\/peacepalsinternational.org\/es\/wp-json\/wp\/v2\/comments?post=7143"}],"version-history":[{"count":15,"href":"https:\/\/peacepalsinternational.org\/es\/wp-json\/wp\/v2\/pages\/7143\/revisions"}],"predecessor-version":[{"id":7191,"href":"https:\/\/peacepalsinternational.org\/es\/wp-json\/wp\/v2\/pages\/7143\/revisions\/7191"}],"wp:attachment":[{"href":"https:\/\/peacepalsinternational.org\/es\/wp-json\/wp\/v2\/media?parent=7143"}],"curies":[{"name":"wp","href":"https:\/\/api.w.org\/{rel}","templated":true}]}}